{"id":577,"date":"2023-09-25T17:29:19","date_gmt":"2023-09-25T15:29:19","guid":{"rendered":"https:\/\/www.htgreenline.de\/?page_id=577"},"modified":"2023-12-27T16:29:08","modified_gmt":"2023-12-27T15:29:08","slug":"xval","status":"publish","type":"page","link":"https:\/\/www.htgreenline.de\/en\/xval\/","title":{"rendered":"XDOMEA Validator"},"content":{"rendered":"\t\t<div data-elementor-type=\"wp-page\" data-elementor-id=\"577\" class=\"elementor elementor-577\" data-elementor-post-type=\"page\">\n\t\t\t\t\t\t<section class=\"elementor-section elementor-top-section elementor-element elementor-element-31ed145f elementor-section-height-min-height elementor-section-items-stretch elementor-section-content-middle elementor-reverse-tablet elementor-section-boxed elementor-section-height-default\" data-id=\"31ed145f\" data-element_type=\"section\" data-e-type=\"section\">\n\t\t\t\t\t\t<div class=\"elementor-container elementor-column-gap-no\">\n\t\t\t\t\t<div class=\"elementor-column elementor-col-100 elementor-top-column elementor-element elementor-element-f08db19\" data-id=\"f08db19\" data-element_type=\"column\" data-e-type=\"column\">\n\t\t\t<div class=\"elementor-widget-wrap elementor-element-populated\">\n\t\t\t\t\t\t<div class=\"elementor-element elementor-element-50602766 elementor-widget elementor-widget-heading\" data-id=\"50602766\" data-element_type=\"widget\" data-e-type=\"widget\" data-widget_type=\"heading.default\">\n\t\t\t\t<div class=\"elementor-widget-container\">\n\t\t\t\t\t<h1 class=\"elementor-heading-title elementor-size-default\">XDOMEA-Validator<\/h1>\t\t\t\t<\/div>\n\t\t\t\t<\/div>\n\t\t\t\t<div class=\"elementor-element elementor-element-69d767 elementor-widget elementor-widget-text-editor\" data-id=\"69d767\" data-element_type=\"widget\" data-e-type=\"widget\" data-widget_type=\"text-editor.default\">\n\t\t\t\t<div class=\"elementor-widget-container\">\n\t\t\t\t\t\t\t\t\t<p>Wir haben mit dem XDOMEA-Validator ein kostenlos nutzbares Werkzeug zur Validation und inhaltlichen Pr\u00fcfung von XDOMEA-Nachrichten entwickelt und stellen es Ihnen sehr gerne zur Verf\u00fcgung.<\/p><p>Melden Sie sich einfach an, dann schicken wir Ihnen den Link zum Herunterladen der Installationsdatei sowie Informationen f\u00fcr Ihr Feedback und Support per E-Mail. Au\u00dferdem informieren wir Sie \u00fcber Aktualisierungen.<\/p>\t\t\t\t\t\t\t\t<\/div>\n\t\t\t\t<\/div>\n\t\t\t\t\t<\/div>\n\t\t<\/div>\n\t\t\t\t\t<\/div>\n\t\t<\/section>\n\t\t\t\t<section class=\"elementor-section elementor-top-section elementor-element elementor-element-d26c503 elementor-reverse-tablet elementor-reverse-mobile elementor-section-boxed elementor-section-height-default elementor-section-height-default\" data-id=\"d26c503\" data-element_type=\"section\" data-e-type=\"section\">\n\t\t\t\t\t\t<div class=\"elementor-container elementor-column-gap-no\">\n\t\t\t\t\t<div class=\"elementor-column elementor-col-50 elementor-top-column elementor-element elementor-element-4acef503\" data-id=\"4acef503\" data-element_type=\"column\" data-e-type=\"column\" data-settings=\"{&quot;background_background&quot;:&quot;classic&quot;,&quot;background_motion_fx_motion_fx_scrolling&quot;:&quot;yes&quot;,&quot;background_motion_fx_opacity_effect&quot;:&quot;yes&quot;,&quot;background_motion_fx_opacity_level&quot;:{&quot;unit&quot;:&quot;px&quot;,&quot;size&quot;:&quot;9&quot;,&quot;sizes&quot;:[]},&quot;background_motion_fx_opacity_range&quot;:{&quot;unit&quot;:&quot;%&quot;,&quot;size&quot;:&quot;&quot;,&quot;sizes&quot;:{&quot;start&quot;:&quot;0&quot;,&quot;end&quot;:&quot;100&quot;}},&quot;background_motion_fx_opacity_direction&quot;:&quot;out-in&quot;,&quot;background_motion_fx_devices&quot;:[&quot;desktop&quot;,&quot;tablet&quot;,&quot;mobile&quot;]}\">\n\t\t\t<div class=\"elementor-widget-wrap elementor-element-populated\">\n\t\t\t\t\t\t<div class=\"elementor-element elementor-element-3495ecfb elementor-widget elementor-widget-heading\" data-id=\"3495ecfb\" data-element_type=\"widget\" data-e-type=\"widget\" data-widget_type=\"heading.default\">\n\t\t\t\t<div class=\"elementor-widget-container\">\n\t\t\t\t\t<h2 class=\"elementor-heading-title elementor-size-default\">Fordern Sie hier den kostenlosen Download an.<\/h2>\t\t\t\t<\/div>\n\t\t\t\t<\/div>\n\t\t\t\t<div class=\"elementor-element elementor-element-7345c042 elementor-widget elementor-widget-text-editor\" data-id=\"7345c042\" data-element_type=\"widget\" data-e-type=\"widget\" data-widget_type=\"text-editor.default\">\n\t\t\t\t<div class=\"elementor-widget-container\">\n\t\t\t\t\t\t\t\t\t<p>Ihr Name, Vorname und Ihre E-Mail-Adresse werden nicht an Dritte weitergegeben und zu keinem anderen Zweck verwendet als Ihnen den Downloadlink bereitzustellen und Sie \u00fcber das Tool bzw. Aktualisierungen zu informieren.<\/p><p>Weitere Informationen finden Sie in unserer <a style=\"color: #d2d5e1;\" href=\"https:\/\/www.htgreenline.de\/datenschutz\/\"><em>Datenschutzerkl\u00e4rung<\/em><\/a>.<\/p><p>Um den kostenlosen Downloadlink zu erhalten, m\u00fcssen Sie die Anmeldung best\u00e4tigen. Dazu finden Sie eine E-Mail in Ihrem Posteingang oder Spam-Ordner.<\/p>\t\t\t\t\t\t\t\t<\/div>\n\t\t\t\t<\/div>\n\t\t\t\t\t<\/div>\n\t\t<\/div>\n\t\t\t\t<div class=\"elementor-column elementor-col-50 elementor-top-column elementor-element elementor-element-29f4d36c\" data-id=\"29f4d36c\" data-element_type=\"column\" data-e-type=\"column\">\n\t\t\t<div class=\"elementor-widget-wrap elementor-element-populated\">\n\t\t\t\t\t\t<div class=\"elementor-element elementor-element-ed3bc17 elementor-widget elementor-widget-shortcode\" data-id=\"ed3bc17\" data-element_type=\"widget\" data-e-type=\"widget\" data-widget_type=\"shortcode.default\">\n\t\t\t\t<div class=\"elementor-widget-container\">\n\t\t\t\t\t\t\t<div class=\"elementor-shortcode\">\n<div class=\"otfe-fe-form-wrapper\">\n\n\t<div class=\"otfe-fe-message-wrapper otfe-fe-message-wrapper-1\"><\/div>\n\n\t<form method=\"post\" action=\"\" class=\"otfd-fe-form\" id=\"otfd-fe-form-1\">\n\t\t\t\t\t<div class=\"otfd-fe-form-row\">\n\t\t\t\t<label>Your name<\/label>\n\t\t\t\t<input type=\"text\" name=\"name\" class=\"otfd-fe-name otfd-fe-input\" value=\"\" placeholder=\"Your name\" \/>\n\t\t\t<\/div>\n\t\t\t\t<div class=\"otfd-fe-form-row\">\n\t\t\t<label>Your email address<\/label>\n\t\t\t<input type=\"email\" name=\"email\" class=\"otfd-fe-email otfd-fe-input\" value=\"\" placeholder=\"Your email address\" \/>\n\t\t<\/div>\n\t\t\t\t\t<div class=\"otfd-fe-form-row\">\n\t\t\t\t<label>\n\t\t\t\t\t<input type=\"checkbox\" name=\"Terms\" class=\"otfd-fe-name otfd-fe-input\" value=\"1\"\/>\n\t\t\t\t\t\t\t\t\t\t\tUm den kostenlosen Downloadlink zu erhalten, m\u00fcssen Sie die Anmeldung best\u00e4tigen. Dazu finden Sie eine E-Mail in Ihrem Posteingang oder Spam-Ordner. Informationen zum Datenschutz finden Sie unter https:\/\/www.htgreenline.de\/datenschutz\/.\t\t\t\t\t\t\t\t\t<\/label>\n\t\t\t<\/div>\n\t\t\n\t\t\t\t\t\t\t\n\t\t<div class=\"otfd-fe-form-row otfd-fe-form-errors otfd-hidden\">\n\t\t\t<p>\n\t\t\t\tPlease fix the errors above and try to submit again\t\t\t<\/p>\n\t\t<\/div>\n\t\t<input type=\"hidden\" id=\"otfd_fe_nonce_1\" name=\"otfd_fe_nonce_1\" value=\"43accd9c8f\" \/><input type=\"hidden\" name=\"_wp_http_referer\" value=\"\/en\/wp-json\/wp\/v2\/pages\/577\" \/>\t\t<input type=\"hidden\" name=\"otfd_fe_action\" class=\"otfd_fe_action\" value=\"email_link\" \/>\n\t\t<div class=\"otfd-fe-form-row\">\n\t\t\t<a href=\"#\" class=\"otfd-fe-form-submit\" data-otfdid=\"1\">Donwload anfordern<\/a>\n\t\t<\/div>\n\t<\/form>\n\n<\/div>\n<\/div>\n\t\t\t\t\t\t<\/div>\n\t\t\t\t<\/div>\n\t\t\t\t\t<\/div>\n\t\t<\/div>\n\t\t\t\t\t<\/div>\n\t\t<\/section>\n\t\t\t\t<section class=\"elementor-section elementor-top-section elementor-element elementor-element-4f8c0a1 elementor-section-boxed elementor-section-height-default elementor-section-height-default\" data-id=\"4f8c0a1\" data-element_type=\"section\" data-e-type=\"section\">\n\t\t\t\t\t\t<div class=\"elementor-container elementor-column-gap-default\">\n\t\t\t\t\t<div class=\"elementor-column elementor-col-100 elementor-top-column elementor-element elementor-element-75c7358\" data-id=\"75c7358\" data-element_type=\"column\" data-e-type=\"column\">\n\t\t\t<div class=\"elementor-widget-wrap\">\n\t\t\t\t\t\t\t<\/div>\n\t\t<\/div>\n\t\t\t\t\t<\/div>\n\t\t<\/section>\n\t\t\t\t<\/div>\n\t\t","protected":false},"excerpt":{"rendered":"<p>XDOMEA-Validator Wir haben mit dem XDOMEA-Validator ein kostenlos nutzbares Werkzeug zur Validation und inhaltlichen Pr\u00fcfung von XDOMEA-Nachrichten entwickelt und stellen es Ihnen sehr gerne zur Verf\u00fcgung. Melden Sie sich einfach an, dann schicken wir Ihnen den Link zum Herunterladen der Installationsdatei sowie Informationen f\u00fcr Ihr Feedback und Support per E-Mail. Au\u00dferdem informieren wir Sie \u00fcber Aktualisierungen. Fordern Sie hier den &#8230; <a href=\"https:\/\/www.htgreenline.de\/en\/xval\/\" class=\"more-link\">Read More<\/a><\/p>","protected":false},"author":1,"featured_media":0,"parent":0,"menu_order":0,"comment_status":"closed","ping_status":"closed","template":"elementor_header_footer","meta":{"footnotes":""},"class_list":["post-577","page","type-page","status-publish","hentry","no-post-thumbnail"],"_links":{"self":[{"href":"https:\/\/www.htgreenline.de\/en\/wp-json\/wp\/v2\/pages\/577","targetHints":{"allow":["GET"]}}],"collection":[{"href":"https:\/\/www.htgreenline.de\/en\/wp-json\/wp\/v2\/pages"}],"about":[{"href":"https:\/\/www.htgreenline.de\/en\/wp-json\/wp\/v2\/types\/page"}],"author":[{"embeddable":true,"href":"https:\/\/www.htgreenline.de\/en\/wp-json\/wp\/v2\/users\/1"}],"replies":[{"embeddable":true,"href":"https:\/\/www.htgreenline.de\/en\/wp-json\/wp\/v2\/comments?post=577"}],"version-history":[{"count":67,"href":"https:\/\/www.htgreenline.de\/en\/wp-json\/wp\/v2\/pages\/577\/revisions"}],"predecessor-version":[{"id":753,"href":"https:\/\/www.htgreenline.de\/en\/wp-json\/wp\/v2\/pages\/577\/revisions\/753"}],"wp:attachment":[{"href":"https:\/\/www.htgreenline.de\/en\/wp-json\/wp\/v2\/media?parent=577"}],"curies":[{"name":"wp","href":"https:\/\/api.w.org\/{rel}","templated":true}]}}