{"id":153,"date":"2022-12-20T12:29:32","date_gmt":"2022-12-20T11:29:32","guid":{"rendered":"https:\/\/www.htgreenline.de\/services\/"},"modified":"2023-12-27T16:43:29","modified_gmt":"2023-12-27T15:43:29","slug":"services","status":"publish","type":"page","link":"https:\/\/www.htgreenline.de\/en\/services\/","title":{"rendered":"Services"},"content":{"rendered":"\t\t<div data-elementor-type=\"wp-page\" data-elementor-id=\"153\" class=\"elementor elementor-153\" data-elementor-post-type=\"page\">\n\t\t\t\t\t\t<section class=\"elementor-section elementor-top-section elementor-element elementor-element-718c8122 elementor-section-content-middle elementor-section-height-min-height elementor-section-boxed elementor-section-height-default elementor-section-items-middle\" data-id=\"718c8122\" data-element_type=\"section\" data-e-type=\"section\">\n\t\t\t\t\t\t<div class=\"elementor-container elementor-column-gap-no\">\n\t\t\t\t\t<div class=\"elementor-column elementor-col-100 elementor-top-column elementor-element elementor-element-698dbd0\" data-id=\"698dbd0\" data-element_type=\"column\" data-e-type=\"column\" data-settings=\"{&quot;background_background&quot;:&quot;classic&quot;}\">\n\t\t\t<div class=\"elementor-widget-wrap elementor-element-populated\">\n\t\t\t\t\t\t<div class=\"elementor-element elementor-element-11038a47 elementor-widget__width-auto elementor-absolute elementor-view-default elementor-widget elementor-widget-icon\" data-id=\"11038a47\" data-element_type=\"widget\" data-e-type=\"widget\" data-settings=\"{&quot;_position&quot;:&quot;absolute&quot;}\" data-widget_type=\"icon.default\">\n\t\t\t\t<div class=\"elementor-widget-container\">\n\t\t\t\t\t\t\t<div class=\"elementor-icon-wrapper\">\n\t\t\t<div class=\"elementor-icon\">\n\t\t\t<svg xmlns=\"http:\/\/www.w3.org\/2000\/svg\" id=\"b55a705e-0234-472a-b0ea-9b4d795b0458\" data-name=\"Layer 1\" width=\"274\" height=\"274\" viewBox=\"0 0 274 274\"><path d=\"M137,0C61.458,0,0,61.458,0,137S61.458,274,137,274s137-61.458,137-137S212.542,0,137,0Zm0,273C62.0093,273,1,211.99,1,137S62.0093,1,137,1,273,62.0093,273,137,211.99,273,137,273Z\"><\/path><path d=\"M137,46a91,91,0,1,0,91,91A91.1029,91.1029,0,0,0,137,46Zm0,181a90,90,0,1,1,90-90A90.1021,90.1021,0,0,1,137,227Z\"><\/path><\/svg>\t\t\t<\/div>\n\t\t<\/div>\n\t\t\t\t\t\t<\/div>\n\t\t\t\t<\/div>\n\t\t\t\t<div class=\"elementor-element elementor-element-4d12008a elementor-widget elementor-widget-heading\" data-id=\"4d12008a\" data-element_type=\"widget\" data-e-type=\"widget\" data-widget_type=\"heading.default\">\n\t\t\t\t<div class=\"elementor-widget-container\">\n\t\t\t\t\t<h1 class=\"elementor-heading-title elementor-size-default\">Unser Service f\u00fcr Verwaltung und Wirtschaft<\/h1>\t\t\t\t<\/div>\n\t\t\t\t<\/div>\n\t\t\t\t<div class=\"elementor-element elementor-element-539d601b elementor-widget elementor-widget-text-editor\" data-id=\"539d601b\" data-element_type=\"widget\" data-e-type=\"widget\" data-widget_type=\"text-editor.default\">\n\t\t\t\t<div class=\"elementor-widget-container\">\n\t\t\t\t\t\t\t\t\t<p>Wir unterst\u00fctzen Sie bei der Umsetzung Ihrer Projekte. Von der Konzeption bis hin zur Abnahme und Produktivsetzung.\u00a0<\/p>\t\t\t\t\t\t\t\t<\/div>\n\t\t\t\t<\/div>\n\t\t\t\t\t<\/div>\n\t\t<\/div>\n\t\t\t\t\t<\/div>\n\t\t<\/section>\n\t\t\t\t<section class=\"elementor-section elementor-top-section elementor-element elementor-element-607468fa elementor-section-boxed elementor-section-height-default elementor-section-height-default\" data-id=\"607468fa\" data-element_type=\"section\" data-e-type=\"section\">\n\t\t\t\t\t\t<div class=\"elementor-container elementor-column-gap-no\">\n\t\t\t\t\t<div class=\"elementor-column elementor-col-50 elementor-top-column elementor-element elementor-element-523af284\" data-id=\"523af284\" data-element_type=\"column\" data-e-type=\"column\">\n\t\t\t<div class=\"elementor-widget-wrap elementor-element-populated\">\n\t\t\t\t\t\t<div class=\"elementor-element elementor-element-2834fc69 elementor-invisible elementor-widget elementor-widget-table-of-contents\" data-id=\"2834fc69\" data-element_type=\"widget\" data-e-type=\"widget\" data-settings=\"{&quot;headings_by_tags&quot;:[&quot;h3&quot;],&quot;exclude_headings_by_selector&quot;:[],&quot;marker_view&quot;:&quot;bullets&quot;,&quot;icon&quot;:{&quot;value&quot;:&quot;fas fa-chevron-right&quot;,&quot;library&quot;:&quot;fa-solid&quot;},&quot;min_height&quot;:{&quot;unit&quot;:&quot;px&quot;,&quot;size&quot;:&quot;0&quot;,&quot;sizes&quot;:[]},&quot;sticky&quot;:&quot;top&quot;,&quot;sticky_on&quot;:[&quot;desktop&quot;],&quot;sticky_parent&quot;:&quot;yes&quot;,&quot;_animation&quot;:&quot;fadeIn&quot;,&quot;no_headings_message&quot;:&quot;Es wurden keine \\u00dcberschriften auf dieser Seite gefunden.&quot;,&quot;min_height_tablet&quot;:{&quot;unit&quot;:&quot;px&quot;,&quot;size&quot;:&quot;&quot;,&quot;sizes&quot;:[]},&quot;min_height_mobile&quot;:{&quot;unit&quot;:&quot;px&quot;,&quot;size&quot;:&quot;&quot;,&quot;sizes&quot;:[]},&quot;sticky_offset&quot;:0,&quot;sticky_effects_offset&quot;:0,&quot;sticky_anchor_link_offset&quot;:0}\" data-widget_type=\"table-of-contents.default\">\n\t\t\t\t<div class=\"elementor-widget-container\">\n\t\t\t\t\t\t\t\t\t<div class=\"elementor-toc__header\">\n\t\t\t\t\t\t<h3 class=\"elementor-toc__header-title\">\n\t\t\t\tUnsere Leistungen\t\t\t<\/h3>\n\t\t\t\t\t\t\t\t<\/div>\n\t\t\t\t<div id=\"elementor-toc__2834fc69\" class=\"elementor-toc__body\">\n\t\t\t<div class=\"elementor-toc__spinner-container\">\n\t\t\t\t<i class=\"elementor-toc__spinner eicon-animation-spin eicon-loading\" aria-hidden=\"true\"><\/i>\t\t\t<\/div>\n\t\t<\/div>\n\t\t\t\t\t\t<\/div>\n\t\t\t\t<\/div>\n\t\t\t\t\t<\/div>\n\t\t<\/div>\n\t\t\t\t<div class=\"elementor-column elementor-col-50 elementor-top-column elementor-element elementor-element-3993301b\" data-id=\"3993301b\" data-element_type=\"column\" data-e-type=\"column\">\n\t\t\t<div class=\"elementor-widget-wrap elementor-element-populated\">\n\t\t\t\t\t\t<div class=\"elementor-element elementor-element-24cd41a6 elementor-position-inline-start elementor-view-default elementor-mobile-position-block-start elementor-widget elementor-widget-icon-box\" data-id=\"24cd41a6\" data-element_type=\"widget\" data-e-type=\"widget\" data-widget_type=\"icon-box.default\">\n\t\t\t\t<div class=\"elementor-widget-container\">\n\t\t\t\t\t\t\t<div class=\"elementor-icon-box-wrapper\">\n\n\t\t\t\t\t\t<div class=\"elementor-icon-box-icon\">\n\t\t\t\t<span  class=\"elementor-icon\">\n\t\t\t\t<svg xmlns=\"http:\/\/www.w3.org\/2000\/svg\" id=\"e2d8221f-37d0-4d44-b7a7-8372db6b2d15\" data-name=\"Layer 1\" width=\"90\" height=\"90\" viewBox=\"0 0 90 90\"><path d=\"M45,0A45,45,0,1,0,90,45,45.0511,45.0511,0,0,0,45,0Zm0,89A44,44,0,1,1,89,45,44.05,44.05,0,0,1,45,89Z\"><\/path><path d=\"M44.127,29.48A15.0921,15.0921,0,0,0,29.1093,43.328L26.376,40.4658l-.752.7178,3.9444,4.1309,3.9155-4.1324-.7549-.7153-2.5723,2.7148a14.0391,14.0391,0,1,1,13.97,15.419V59.64a15.08,15.08,0,0,0,0-30.16Z\"><\/path><\/svg>\t\t\t\t<\/span>\n\t\t\t<\/div>\n\t\t\t\n\t\t\t\t\t\t<div class=\"elementor-icon-box-content\">\n\n\t\t\t\t\t\t\t\t\t<h3 class=\"elementor-icon-box-title\">\n\t\t\t\t\t\t<span  >\n\t\t\t\t\t\t\tBeratung &amp; Unterst\u00fctzung \t\t\t\t\t\t<\/span>\n\t\t\t\t\t<\/h3>\n\t\t\t\t\n\t\t\t\t\t\t\t\t\t<p class=\"elementor-icon-box-description\">\n\t\t\t\t\t\tWir haben mehr als 20 Jahre Erfahrung im Bereich der Wissens-, Dokumenten- und Archivverwaltung. \t\t\t\t\t<\/p>\n\t\t\t\t\n\t\t\t<\/div>\n\t\t\t\n\t\t<\/div>\n\t\t\t\t\t\t<\/div>\n\t\t\t\t<\/div>\n\t\t\t\t<div class=\"elementor-element elementor-element-d5e178f elementor-widget elementor-widget-text-editor\" data-id=\"d5e178f\" data-element_type=\"widget\" data-e-type=\"widget\" data-widget_type=\"text-editor.default\">\n\t\t\t\t<div class=\"elementor-widget-container\">\n\t\t\t\t\t\t\t\t\t<p>Wir beraten Sie in Fragen von revisionssicherer und vertrauensw\u00fcrdiger Langzeitarchivierung und \u2013Speicherung sowie beim elektronischen Archiv und Zwischenarchiv, bei der OAIS-konformen Metadatengenerierung sowie bei der Ausgestaltung und Implementierung von Schnittstellen und Datenformaten (z.B. XDOMEA) von und zu Ihren Drittsystemen sowie im Umfeld von webbasierten Informationssystemen.<\/p>\t\t\t\t\t\t\t\t<\/div>\n\t\t\t\t<\/div>\n\t\t\t\t<div class=\"elementor-element elementor-element-697fae32 elementor-position-inline-start elementor-view-default elementor-mobile-position-block-start elementor-widget elementor-widget-icon-box\" data-id=\"697fae32\" data-element_type=\"widget\" data-e-type=\"widget\" data-widget_type=\"icon-box.default\">\n\t\t\t\t<div class=\"elementor-widget-container\">\n\t\t\t\t\t\t\t<div class=\"elementor-icon-box-wrapper\">\n\n\t\t\t\t\t\t<div class=\"elementor-icon-box-icon\">\n\t\t\t\t<span  class=\"elementor-icon\">\n\t\t\t\t<svg xmlns=\"http:\/\/www.w3.org\/2000\/svg\" id=\"aee77768-e858-4938-b840-3d59540e7067\" data-name=\"Layer 1\" width=\"90\" height=\"90\" viewBox=\"0 0 90 90\"><path d=\"M45,0A45,45,0,1,0,90,45,45.0511,45.0511,0,0,0,45,0Zm0,89A44,44,0,1,1,89,45,44.05,44.05,0,0,1,45,89Z\"><\/path><path d=\"M60.1611,41.6089c-1.9423-.0718-4.1718-.5952-4.4-1.2769-.5146-1.4023,1.1065-3.57,2.0469-4.53l.4668-.4488-4.1885-4.3979-.4658.3784a17.6432,17.6432,0,0,1-3.2549,2.0957,1.5943,1.5943,0,0,1-1.4931-.145c-1.06-.78-1.3389-3.1143-1.3389-4.2842v-.65H41.67l-.0595.584c-.1744,1.7041-.8316,4.291-1.7471,4.7065-.8716.3926-3.0825-1.1382-4.3067-2.2959l-.4609-.436-4.2285,4.26.4629.458c1.2524,1.2387,2.7851,3.393,2.2724,4.3027-.5864,1.0405-3.1435,1.4888-4.6171,1.5264l-.6338.0166v5.97l.625.0244c1.9443.0762,4.1762.6025,4.4062,1.2852.55,1.4882-1.2969,3.78-2.0547,4.538l-.4492.4483,4.1738,4.3887.4668-.378a17.687,17.687,0,0,1,3.2549-2.0957,1.5868,1.5868,0,0,1,1.4849.14c1.0342.7529,1.3335,3.0127,1.3476,4.2216v.72l5.8628-.0039.06-.584c.1738-1.7041.83-4.291,1.7471-4.7061.8691-.3945,3.083,1.1387,4.3056,2.2969l.461.4365,4.2343-4.2607-.4628-.458c-1.254-1.2422-2.79-3.3994-2.2774-4.31.5869-1.041,3.1436-1.4883,4.6172-1.5264l.6338-.0156-.001-5.9717Zm-.6738,4.7466c-1.3144.1064-4.166.5244-5.083,2.1513-.9873,1.753,1.0146,4.2793,2.0449,5.4024l-2.4443,2.459c-1.1162-.9688-3.6065-2.8682-5.2656-2.1114-1.6211.7344-2.2325,3.7666-2.4317,5.1748l-3.4223.002c-.0787-1.2686-.4214-3.6445-1.8614-4.6914a2.5745,2.5745,0,0,0-1.5542-.49,3.8873,3.8873,0,0,0-1.1728.1962,18.6367,18.6367,0,0,0-3.1231,1.92L32.68,53.7451c.89-1.0127,2.68-3.3916,1.9287-5.4267-.5283-1.5674-3.522-1.9961-4.957-2.1123V42.72c1.3154-.1074,4.167-.5259,5.084-2.1523.9877-1.7525-1.0113-4.2744-2.04-5.396l2.439-2.4566c1.1167.9678,3.61,2.8619,5.2661,2.1094,1.6191-.7344,2.2314-3.7666,2.4311-5.1743h3.4234c.0752,1.1685.4062,3.6206,1.8467,4.6812a2.8907,2.8907,0,0,0,2.7412.3032,18.728,18.728,0,0,0,3.123-1.92l2.5,2.6245c-.9072,1.0366-2.6728,3.4057-1.9316,5.4238.5263,1.57,3.5185,1.9946,4.9531,2.1084Z\"><\/path><path d=\"M42.5366,39.7949a5.3443,5.3443,0,1,0,5.8247,1.1577A5.3277,5.3277,0,0,0,42.5366,39.7949Zm5.7827,6.4834a4.0472,4.0472,0,1,1-.8779-4.4067A4.0308,4.0308,0,0,1,48.3193,46.2783Z\"><\/path><\/svg>\t\t\t\t<\/span>\n\t\t\t<\/div>\n\t\t\t\n\t\t\t\t\t\t<div class=\"elementor-icon-box-content\">\n\n\t\t\t\t\t\t\t\t\t<h3 class=\"elementor-icon-box-title\">\n\t\t\t\t\t\t<span  >\n\t\t\t\t\t\t\tPlanung &amp; Konzeption\t\t\t\t\t\t<\/span>\n\t\t\t\t\t<\/h3>\n\t\t\t\t\n\t\t\t\t\t\t\t\t\t<p class=\"elementor-icon-box-description\">\n\t\t\t\t\t\tWir unterst\u00fctzen Sie bei der Planung und Konzeption Ihrer Projekte und Systeme.\t\t\t\t\t<\/p>\n\t\t\t\t\n\t\t\t<\/div>\n\t\t\t\n\t\t<\/div>\n\t\t\t\t\t\t<\/div>\n\t\t\t\t<\/div>\n\t\t\t\t<div class=\"elementor-element elementor-element-4c2cb5d8 elementor-widget elementor-widget-text-editor\" data-id=\"4c2cb5d8\" data-element_type=\"widget\" data-e-type=\"widget\" data-widget_type=\"text-editor.default\">\n\t\t\t\t<div class=\"elementor-widget-container\">\n\t\t\t\t\t\t\t\t\t<p>Von der Definition der Anforderungen bis hin zur Initiierung.\u00a0<\/p>\t\t\t\t\t\t\t\t<\/div>\n\t\t\t\t<\/div>\n\t\t\t\t<div class=\"elementor-element elementor-element-2a1a1ab2 elementor-position-inline-start elementor-view-default elementor-mobile-position-block-start elementor-widget elementor-widget-icon-box\" data-id=\"2a1a1ab2\" data-element_type=\"widget\" data-e-type=\"widget\" data-widget_type=\"icon-box.default\">\n\t\t\t\t<div class=\"elementor-widget-container\">\n\t\t\t\t\t\t\t<div class=\"elementor-icon-box-wrapper\">\n\n\t\t\t\t\t\t<div class=\"elementor-icon-box-icon\">\n\t\t\t\t<span  class=\"elementor-icon\">\n\t\t\t\t<svg xmlns=\"http:\/\/www.w3.org\/2000\/svg\" id=\"f7882196-3b3f-408d-af68-1de7490c8468\" data-name=\"Layer 1\" width=\"90\" height=\"90\" viewBox=\"0 0 90 90\"><path d=\"M45,0A45,45,0,1,0,90,45,45.0549,45.0549,0,0,0,45,0Zm0,89A44,44,0,1,1,89,45,44.052,44.052,0,0,1,45,89Z\" style=\"fill-rule:evenodd\"><\/path><path d=\"M58.1824,32.9034l-1.0111-1.0112-2.02,2.02L55.15,33.91,54.14,32.9l-5.46,5.47h-.01a3.8359,3.8359,0,0,0-.68-.09,3.5564,3.5564,0,0,0-2.52.93l-2.08,1.87-1.87-1.64a3.69,3.69,0,0,0-3.8166-.641c.237-1.8177.1675-5.29-4.0547-5.4982q1.17,1.7444,1.5659,2.4413l-.7523,2.3636-2.2267.1558q-.6709-.5446-2.3273-2.1109c-.3483,5.1811,3.8356,5.4321,5.5815,5.3411a3.9705,3.9705,0,0,0-.07.5883,3.6716,3.6716,0,0,0,.93,2.53l1.39,1.55-5.7,5.13a4.2853,4.2853,0,0,0,.02,6.05l.86.84a4.27,4.27,0,0,0,2.8,1.05c.1,0,.2-.01.29-.01a4.3047,4.3047,0,0,0,2.95-1.46l4.54-5.2,4.93,5.47a4.2853,4.2853,0,0,0,6.05-.02l.84-.86a4.2734,4.2734,0,0,0-.42-6.03l-5.76-5.03,1.5-1.71a3.7206,3.7206,0,0,0,.91-2.55,2.2752,2.2752,0,0,0-.02-.26l5.64-5.63-1.01-1.01-.4434-.4478.4435.4435ZM37.88,56.82a2.8511,2.8511,0,0,1-1.96.97,2.8047,2.8047,0,0,1-2.03-.66l-.82-.8a2.8617,2.8617,0,0,1-.04-4.01l5.67-5.1,3.84,4.26ZM53.96,52.2a2.8311,2.8311,0,0,1,.97,1.96,2.78,2.78,0,0,1-.66,2.02l-.8.82a2.9467,2.9467,0,0,1-4.01.04l-5.01-5.57-.96-1.07-3.72-4.14-.96-1.06-1.39-1.55a2.16,2.16,0,0,1-.57-1.53,2.2,2.2,0,0,1,.44-1.25l.0176-.0176.0155-.012-.0019-.0019A.9222.9222,0,0,1,37.5,40.62a2.212,2.212,0,0,1,1.52-.66h.07a2.2687,2.2687,0,0,1,1.49.55l1.75,1.53,1.08.94,3.72,3.25,1.07.94Zm-4.4-8.76-1.5,1.71-3.58-3.13,1.94-1.75a2.2334,2.2334,0,0,1,1.48-.56h.06a2.1927,2.1927,0,0,1,1.5.65,2.25,2.25,0,0,1,.1,3.08Zm1.54-3.46-.55-.55a1.0253,1.0253,0,0,0-.17-.17l-.29-.29,4.05-4.04,1.01,1.01Z\" style=\"fill-rule:evenodd\"><\/path><\/svg>\t\t\t\t<\/span>\n\t\t\t<\/div>\n\t\t\t\n\t\t\t\t\t\t<div class=\"elementor-icon-box-content\">\n\n\t\t\t\t\t\t\t\t\t<h3 class=\"elementor-icon-box-title\">\n\t\t\t\t\t\t<span  >\n\t\t\t\t\t\t\tDaten\u00fcbernahmen &amp; Migrationen\t\t\t\t\t\t<\/span>\n\t\t\t\t\t<\/h3>\n\t\t\t\t\n\t\t\t\t\t\t\t\t\t<p class=\"elementor-icon-box-description\">\n\t\t\t\t\t\tSie m\u00fcssen elektronische Daten aus anderen Systemen \u00fcbernehmen oder sogar migrieren? Wir unterst\u00fctzen Sie dabei!\t\t\t\t\t<\/p>\n\t\t\t\t\n\t\t\t<\/div>\n\t\t\t\n\t\t<\/div>\n\t\t\t\t\t\t<\/div>\n\t\t\t\t<\/div>\n\t\t\t\t<div class=\"elementor-element elementor-element-2e98ee71 elementor-widget elementor-widget-text-editor\" data-id=\"2e98ee71\" data-element_type=\"widget\" data-e-type=\"widget\" data-widget_type=\"text-editor.default\">\n\t\t\t\t<div class=\"elementor-widget-container\">\n\t\t\t\t\t\t\t\t\t<ul><li>Analyse der Daten und Strukturen der Quell- und Zielsysteme<\/li><li>protokollierte Durchf\u00fchrung der Migration<\/li><li>\u00dcbernahme<\/li><\/ul>\t\t\t\t\t\t\t\t<\/div>\n\t\t\t\t<\/div>\n\t\t\t\t<div class=\"elementor-element elementor-element-36e670f6 elementor-position-inline-start elementor-view-default elementor-mobile-position-block-start elementor-widget elementor-widget-icon-box\" data-id=\"36e670f6\" data-element_type=\"widget\" data-e-type=\"widget\" data-widget_type=\"icon-box.default\">\n\t\t\t\t<div class=\"elementor-widget-container\">\n\t\t\t\t\t\t\t<div class=\"elementor-icon-box-wrapper\">\n\n\t\t\t\t\t\t<div class=\"elementor-icon-box-icon\">\n\t\t\t\t<span  class=\"elementor-icon\">\n\t\t\t\t<svg xmlns=\"http:\/\/www.w3.org\/2000\/svg\" id=\"eedf0dd7-6f02-49d7-b863-8a674ed2414d\" data-name=\"Layer 1\" width=\"90\" height=\"90\" viewBox=\"0 0 90 90\"><path d=\"M45,0A45,45,0,1,0,90,45,45.0511,45.0511,0,0,0,45,0Zm0,89A44,44,0,1,1,89,45,44.05,44.05,0,0,1,45,89Z\"><\/path><polygon points=\"44.95 34.953 46.713 34.953 46.713 49.253 44.95 49.253 44.95 33.65 43.65 33.65 43.65 50.55 44.3 50.55 44.3 50.554 48.014 50.554 48.014 33.653 44.95 33.653 44.95 34.953\"><\/polygon><path d=\"M43.4629,56.52h4.48v-3.9h-4.48Zm1.3-2.6h1.8789v1.2989H44.7627Z\"><\/path><\/svg>\t\t\t\t<\/span>\n\t\t\t<\/div>\n\t\t\t\n\t\t\t\t\t\t<div class=\"elementor-icon-box-content\">\n\n\t\t\t\t\t\t\t\t\t<h3 class=\"elementor-icon-box-title\">\n\t\t\t\t\t\t<span  >\n\t\t\t\t\t\t\tSchulungen &amp; Workshops\t\t\t\t\t\t<\/span>\n\t\t\t\t\t<\/h3>\n\t\t\t\t\n\t\t\t\t\t\t\t\t\t<p class=\"elementor-icon-box-description\">\n\t\t\t\t\t\tSpezielle Fragen erfordern spezielle Informationen. Unserer Erfahrungen geben wir in Schulungen und Workshops gerne weiter. \t\t\t\t\t<\/p>\n\t\t\t\t\n\t\t\t<\/div>\n\t\t\t\n\t\t<\/div>\n\t\t\t\t\t\t<\/div>\n\t\t\t\t<\/div>\n\t\t\t\t<div class=\"elementor-element elementor-element-5b059a1b elementor-widget elementor-widget-text-editor\" data-id=\"5b059a1b\" data-element_type=\"widget\" data-e-type=\"widget\" data-widget_type=\"text-editor.default\">\n\t\t\t\t<div class=\"elementor-widget-container\">\n\t\t\t\t\t\t\t\t\t<ul><li>Durchf\u00fchrung von Schulungen und Workshops, vor Ort oder remote<\/li><li>Entwicklung von Schulungen auf Anforderung<\/li><li>Erstellung von Schulungsunterlagen<\/li><\/ul>\t\t\t\t\t\t\t\t<\/div>\n\t\t\t\t<\/div>\n\t\t\t\t<div class=\"elementor-element elementor-element-7552e8e1 elementor-position-inline-start elementor-view-default elementor-mobile-position-block-start elementor-widget elementor-widget-icon-box\" data-id=\"7552e8e1\" data-element_type=\"widget\" data-e-type=\"widget\" data-widget_type=\"icon-box.default\">\n\t\t\t\t<div class=\"elementor-widget-container\">\n\t\t\t\t\t\t\t<div class=\"elementor-icon-box-wrapper\">\n\n\t\t\t\t\t\t<div class=\"elementor-icon-box-icon\">\n\t\t\t\t<span  class=\"elementor-icon\">\n\t\t\t\t<svg xmlns=\"http:\/\/www.w3.org\/2000\/svg\" id=\"fba125f3-bc3d-4604-82a9-7c927c28773d\" data-name=\"Layer 1\" width=\"90\" height=\"90\" viewBox=\"0 0 90 90\"><path d=\"M45,0A45,45,0,1,0,90,45,45.0511,45.0511,0,0,0,45,0Zm0,89A44,44,0,1,1,89,45,44.05,44.05,0,0,1,45,89Z\"><\/path><path d=\"M56.1006,45.05A11.05,11.05,0,1,0,45.05,56.1006a12.5324,12.5324,0,0,0,5.5967-1.4043q1.0546.0836,3.6758.3281l.7617.07-.0528-.7627a32.3885,32.3885,0,0,1-.14-4.2509A11.0861,11.0861,0,0,0,56.1006,45.05Zm-2.418,4.5381-.07.2266a24.1709,24.1709,0,0,0,.07,3.8447q-2.25-.2081-3.1133-.2735l-.1787-.0136-.16.08A11.395,11.395,0,0,1,45.05,54.8a9.7417,9.7417,0,1,1,8.6328-5.2119Z\"><\/path><path d=\"M44.1807,48.4268a.8161.8161,0,0,0,.5737,1.3925.7787.7787,0,0,0,.4106-.1113.8292.8292,0,0,0,.293-.2939.7954.7954,0,0,0,.1113-.4092.7851.7851,0,0,0-.2412-.5781A.8156.8156,0,0,0,44.1807,48.4268Z\"><\/path><path d=\"M46.4277,40.2007a2.9342,2.9342,0,0,0-1.4189-.3345A3.0231,3.0231,0,0,0,43.61,40.19a2.5752,2.5752,0,0,0-1.0083.9185,2.7147,2.7147,0,0,0-.4024,1.3965l-.0049.1543h1.1714l.0059-.1436a1.7548,1.7548,0,0,1,.251-.8882,1.5045,1.5045,0,0,1,.5922-.538,1.83,1.83,0,0,1,1.6075.0044,1.4515,1.4515,0,0,1,.5713.5249,1.48,1.48,0,0,1,.21.7934,1.5411,1.5411,0,0,1-.1113.5918,1.61,1.61,0,0,1-.3262.4985,3.01,3.01,0,0,1-.5449.4454,4.3407,4.3407,0,0,0-.792.6289,2.2083,2.2083,0,0,0-.4976.8286,3.9466,3.9466,0,0,0-.17,1.2353V47.04h1.1353v-.3964a3.0278,3.0278,0,0,1,.1093-.8165,1.4839,1.4839,0,0,1,.3184-.5634,3.3563,3.3563,0,0,1,.6309-.524,3.9275,3.9275,0,0,0,.7607-.6342,2.4082,2.4082,0,0,0,.47-.753,2.5023,2.5023,0,0,0,.1582-.9033,2.5494,2.5494,0,0,0-.35-1.33A2.4939,2.4939,0,0,0,46.4277,40.2007Z\"><\/path><\/svg>\t\t\t\t<\/span>\n\t\t\t<\/div>\n\t\t\t\n\t\t\t\t\t\t<div class=\"elementor-icon-box-content\">\n\n\t\t\t\t\t\t\t\t\t<h3 class=\"elementor-icon-box-title\">\n\t\t\t\t\t\t<span  >\n\t\t\t\t\t\t\t3rd Level Support\t\t\t\t\t\t<\/span>\n\t\t\t\t\t<\/h3>\n\t\t\t\t\n\t\t\t\t\t\t\t\t\t<p class=\"elementor-icon-box-description\">\n\t\t\t\t\t\tF\u00fcr unsere Softwarel\u00f6sungen stellen wir einen 3rd Level Support zur Verf\u00fcgung.\t\t\t\t\t<\/p>\n\t\t\t\t\n\t\t\t<\/div>\n\t\t\t\n\t\t<\/div>\n\t\t\t\t\t\t<\/div>\n\t\t\t\t<\/div>\n\t\t\t\t<div class=\"elementor-element elementor-element-16b5a1d8 elementor-widget elementor-widget-text-editor\" data-id=\"16b5a1d8\" data-element_type=\"widget\" data-e-type=\"widget\" data-widget_type=\"text-editor.default\">\n\t\t\t\t<div class=\"elementor-widget-container\">\n\t\t\t\t\t\t\t\t\t<p>Unsere Produkte werden st\u00e4ndig weiterentwickelt. Wir bieten Ihnen \u00fcber den Abschluss eines Softwarewartungsvertrags die M\u00f6glichkeit, immer auf die aktuellsten Versionen von HT.di<i>VAS<sup>\u00ae<\/sup><\/i>\u00a0zugreifen zu k\u00f6nnen.<\/p>\t\t\t\t\t\t\t\t<\/div>\n\t\t\t\t<\/div>\n\t\t\t\t\t<\/div>\n\t\t<\/div>\n\t\t\t\t\t<\/div>\n\t\t<\/section>\n\t\t\t\t<\/div>\n\t\t","protected":false},"excerpt":{"rendered":"<p>Unser Service f\u00fcr Verwaltung und Wirtschaft Wir unterst\u00fctzen Sie bei der Umsetzung Ihrer Projekte. Von der Konzeption bis hin zur Abnahme und Produktivsetzung.\u00a0 Unsere Leistungen Beratung &amp; Unterst\u00fctzung Wir haben mehr als 20 Jahre Erfahrung im Bereich der Wissens-, Dokumenten- und Archivverwaltung. Wir beraten Sie in Fragen von revisionssicherer und vertrauensw\u00fcrdiger Langzeitarchivierung und \u2013Speicherung sowie beim elektronischen Archiv und Zwischenarchiv, &#8230; <a href=\"https:\/\/www.htgreenline.de\/en\/services\/\" class=\"more-link\">Read More<\/a><\/p>","protected":false},"author":1,"featured_media":0,"parent":0,"menu_order":0,"comment_status":"closed","ping_status":"closed","template":"elementor_header_footer","meta":{"footnotes":""},"class_list":["post-153","page","type-page","status-publish","hentry","no-post-thumbnail"],"_links":{"self":[{"href":"https:\/\/www.htgreenline.de\/en\/wp-json\/wp\/v2\/pages\/153","targetHints":{"allow":["GET"]}}],"collection":[{"href":"https:\/\/www.htgreenline.de\/en\/wp-json\/wp\/v2\/pages"}],"about":[{"href":"https:\/\/www.htgreenline.de\/en\/wp-json\/wp\/v2\/types\/page"}],"author":[{"embeddable":true,"href":"https:\/\/www.htgreenline.de\/en\/wp-json\/wp\/v2\/users\/1"}],"replies":[{"embeddable":true,"href":"https:\/\/www.htgreenline.de\/en\/wp-json\/wp\/v2\/comments?post=153"}],"version-history":[{"count":48,"href":"https:\/\/www.htgreenline.de\/en\/wp-json\/wp\/v2\/pages\/153\/revisions"}],"predecessor-version":[{"id":699,"href":"https:\/\/www.htgreenline.de\/en\/wp-json\/wp\/v2\/pages\/153\/revisions\/699"}],"wp:attachment":[{"href":"https:\/\/www.htgreenline.de\/en\/wp-json\/wp\/v2\/media?parent=153"}],"curies":[{"name":"wp","href":"https:\/\/api.w.org\/{rel}","templated":true}]}}